{"id":529,"date":"2022-02-21T18:59:55","date_gmt":"2022-02-21T10:59:55","guid":{"rendered":"https:\/\/eqhotel-hcm.ms.decms.asia\/?page_id=529"},"modified":"2024-10-15T16:38:41","modified_gmt":"2024-10-15T08:38:41","slug":"about-us","status":"publish","type":"page","link":"https:\/\/hochiminhcity.equatorial.com\/vi\/about-us\/","title":{"rendered":"Gi\u1edbi thi\u1ec7u t\u1ed5ng quan"},"content":{"rendered":"","protected":false},"excerpt":{"rendered":"","protected":false},"author":14,"featured_media":0,"parent":0,"menu_order":0,"comment_status":"closed","ping_status":"closed","template":"tpl-sabout\/tpl-sabout.php","meta":{"footnotes":""},"yoast_head":"<!-- This site is optimized with the Yoast SEO plugin v22.3 - https:\/\/yoast.com\/wordpress\/plugins\/seo\/ -->\n<title>Gi\u1edbi thi\u1ec7u t\u1ed5ng quan v\u1ec1 Equatorial Th\u00e0nh ph\u1ed1 H\u1ed3 Ch\u00ed Minh: Kh\u00e1ch s\u1ea1n 5 sao qu\u1ed1c t\u1ebf<\/title>\n<meta name=\"description\" content=\"Equatorial Th\u00e0nh ph\u1ed1 H\u1ed3 Ch\u00ed Minh l\u00e0 kh\u00e1ch s\u1ea1n 5 sao qu\u1ed1c t\u1ebf, t\u1ecda l\u1ea1c t\u1ea1i trung t\u00e2m th\u00e0nh ph\u1ed1. C\u00e1ch s\u00e2n bay qu\u1ed1c t\u1ebf T\u00e2n S\u01a1n Nh\u1ea5t 35 ph\u00fat l\u00e1i xe.\" \/>\n<meta name=\"robots\" content=\"index, follow, max-snippet:-1, max-image-preview:large, max-video-preview:-1\" \/>\n<link rel=\"canonical\" href=\"https:\/\/hochiminhcity.equatorial.com\/vi\/about-us\/\" \/>\n<meta property=\"og:locale\" content=\"vi_VN\" \/>\n<meta property=\"og:type\" content=\"article\" \/>\n<meta property=\"og:title\" content=\"Gi\u1edbi thi\u1ec7u t\u1ed5ng quan v\u1ec1 Equatorial Th\u00e0nh ph\u1ed1 H\u1ed3 Ch\u00ed Minh: Kh\u00e1ch s\u1ea1n 5 sao qu\u1ed1c t\u1ebf\" \/>\n<meta property=\"og:description\" content=\"Equatorial Th\u00e0nh ph\u1ed1 H\u1ed3 Ch\u00ed Minh l\u00e0 kh\u00e1ch s\u1ea1n 5 sao qu\u1ed1c t\u1ebf, t\u1ecda l\u1ea1c t\u1ea1i trung t\u00e2m th\u00e0nh ph\u1ed1. C\u00e1ch s\u00e2n bay qu\u1ed1c t\u1ebf T\u00e2n S\u01a1n Nh\u1ea5t 35 ph\u00fat l\u00e1i xe.\" \/>\n<meta property=\"og:url\" content=\"https:\/\/hochiminhcity.equatorial.com\/vi\/about-us\/\" \/>\n<meta property=\"og:site_name\" content=\"Equatorial Ho Chi Minh City\" \/>\n<meta property=\"article:modified_time\" content=\"2024-10-15T08:38:41+00:00\" \/>\n<meta name=\"twitter:card\" content=\"summary_large_image\" \/>\n<script type=\"application\/ld+json\" class=\"yoast-schema-graph\">{\"@context\":\"https:\/\/schema.org\",\"@graph\":[{\"@type\":\"WebPage\",\"@id\":\"https:\/\/hochiminhcity.equatorial.com\/vi\/about-us\/\",\"url\":\"https:\/\/hochiminhcity.equatorial.com\/vi\/about-us\/\",\"name\":\"Gi\u1edbi thi\u1ec7u t\u1ed5ng quan v\u1ec1 Equatorial Th\u00e0nh ph\u1ed1 H\u1ed3 Ch\u00ed Minh: Kh\u00e1ch s\u1ea1n 5 sao qu\u1ed1c t\u1ebf\",\"isPartOf\":{\"@id\":\"https:\/\/hochiminhcity.equatorial.com\/vi\/#website\"},\"datePublished\":\"2022-02-21T10:59:55+00:00\",\"dateModified\":\"2024-10-15T08:38:41+00:00\",\"description\":\"Equatorial Th\u00e0nh ph\u1ed1 H\u1ed3 Ch\u00ed Minh l\u00e0 kh\u00e1ch s\u1ea1n 5 sao qu\u1ed1c t\u1ebf, t\u1ecda l\u1ea1c t\u1ea1i trung t\u00e2m th\u00e0nh ph\u1ed1. C\u00e1ch s\u00e2n bay qu\u1ed1c t\u1ebf T\u00e2n S\u01a1n Nh\u1ea5t 35 ph\u00fat l\u00e1i xe.\",\"breadcrumb\":{\"@id\":\"https:\/\/hochiminhcity.equatorial.com\/vi\/about-us\/#breadcrumb\"},\"inLanguage\":\"vi-VN\",\"potentialAction\":[{\"@type\":\"ReadAction\",\"target\":[\"https:\/\/hochiminhcity.equatorial.com\/vi\/about-us\/\"]}]},{\"@type\":\"BreadcrumbList\",\"@id\":\"https:\/\/hochiminhcity.equatorial.com\/vi\/about-us\/#breadcrumb\",\"itemListElement\":[{\"@type\":\"ListItem\",\"position\":1,\"name\":\"Home\",\"item\":\"https:\/\/hochiminhcity.equatorial.com\/vi\/\"},{\"@type\":\"ListItem\",\"position\":2,\"name\":\"Gi\u1edbi thi\u1ec7u t\u1ed5ng quan\"}]},{\"@type\":\"WebSite\",\"@id\":\"https:\/\/hochiminhcity.equatorial.com\/vi\/#website\",\"url\":\"https:\/\/hochiminhcity.equatorial.com\/vi\/\",\"name\":\"Equatorial Ho Chi Minh City\",\"description\":\"\",\"potentialAction\":[{\"@type\":\"SearchAction\",\"target\":{\"@type\":\"EntryPoint\",\"urlTemplate\":\"https:\/\/hochiminhcity.equatorial.com\/vi\/?s={search_term_string}\"},\"query-input\":\"required name=search_term_string\"}],\"inLanguage\":\"vi-VN\"}]}<\/script>\n<!-- \/ Yoast SEO plugin. -->","yoast_head_json":{"title":"Gi\u1edbi thi\u1ec7u t\u1ed5ng quan v\u1ec1 Equatorial Th\u00e0nh ph\u1ed1 H\u1ed3 Ch\u00ed Minh: Kh\u00e1ch s\u1ea1n 5 sao qu\u1ed1c t\u1ebf","description":"Equatorial Th\u00e0nh ph\u1ed1 H\u1ed3 Ch\u00ed Minh l\u00e0 kh\u00e1ch s\u1ea1n 5 sao qu\u1ed1c t\u1ebf, t\u1ecda l\u1ea1c t\u1ea1i trung t\u00e2m th\u00e0nh ph\u1ed1. C\u00e1ch s\u00e2n bay qu\u1ed1c t\u1ebf T\u00e2n S\u01a1n Nh\u1ea5t 35 ph\u00fat l\u00e1i xe.","robots":{"index":"index","follow":"follow","max-snippet":"max-snippet:-1","max-image-preview":"max-image-preview:large","max-video-preview":"max-video-preview:-1"},"canonical":"https:\/\/hochiminhcity.equatorial.com\/vi\/about-us\/","og_locale":"vi_VN","og_type":"article","og_title":"Gi\u1edbi thi\u1ec7u t\u1ed5ng quan v\u1ec1 Equatorial Th\u00e0nh ph\u1ed1 H\u1ed3 Ch\u00ed Minh: Kh\u00e1ch s\u1ea1n 5 sao qu\u1ed1c t\u1ebf","og_description":"Equatorial Th\u00e0nh ph\u1ed1 H\u1ed3 Ch\u00ed Minh l\u00e0 kh\u00e1ch s\u1ea1n 5 sao qu\u1ed1c t\u1ebf, t\u1ecda l\u1ea1c t\u1ea1i trung t\u00e2m th\u00e0nh ph\u1ed1. C\u00e1ch s\u00e2n bay qu\u1ed1c t\u1ebf T\u00e2n S\u01a1n Nh\u1ea5t 35 ph\u00fat l\u00e1i xe.","og_url":"https:\/\/hochiminhcity.equatorial.com\/vi\/about-us\/","og_site_name":"Equatorial Ho Chi Minh City","article_modified_time":"2024-10-15T08:38:41+00:00","twitter_card":"summary_large_image","schema":{"@context":"https:\/\/schema.org","@graph":[{"@type":"WebPage","@id":"https:\/\/hochiminhcity.equatorial.com\/vi\/about-us\/","url":"https:\/\/hochiminhcity.equatorial.com\/vi\/about-us\/","name":"Gi\u1edbi thi\u1ec7u t\u1ed5ng quan v\u1ec1 Equatorial Th\u00e0nh ph\u1ed1 H\u1ed3 Ch\u00ed Minh: Kh\u00e1ch s\u1ea1n 5 sao qu\u1ed1c t\u1ebf","isPartOf":{"@id":"https:\/\/hochiminhcity.equatorial.com\/vi\/#website"},"datePublished":"2022-02-21T10:59:55+00:00","dateModified":"2024-10-15T08:38:41+00:00","description":"Equatorial Th\u00e0nh ph\u1ed1 H\u1ed3 Ch\u00ed Minh l\u00e0 kh\u00e1ch s\u1ea1n 5 sao qu\u1ed1c t\u1ebf, t\u1ecda l\u1ea1c t\u1ea1i trung t\u00e2m th\u00e0nh ph\u1ed1. C\u00e1ch s\u00e2n bay qu\u1ed1c t\u1ebf T\u00e2n S\u01a1n Nh\u1ea5t 35 ph\u00fat l\u00e1i xe.","breadcrumb":{"@id":"https:\/\/hochiminhcity.equatorial.com\/vi\/about-us\/#breadcrumb"},"inLanguage":"vi-VN","potentialAction":[{"@type":"ReadAction","target":["https:\/\/hochiminhcity.equatorial.com\/vi\/about-us\/"]}]},{"@type":"BreadcrumbList","@id":"https:\/\/hochiminhcity.equatorial.com\/vi\/about-us\/#breadcrumb","itemListElement":[{"@type":"ListItem","position":1,"name":"Home","item":"https:\/\/hochiminhcity.equatorial.com\/vi\/"},{"@type":"ListItem","position":2,"name":"Gi\u1edbi thi\u1ec7u t\u1ed5ng quan"}]},{"@type":"WebSite","@id":"https:\/\/hochiminhcity.equatorial.com\/vi\/#website","url":"https:\/\/hochiminhcity.equatorial.com\/vi\/","name":"Equatorial Ho Chi Minh City","description":"","potentialAction":[{"@type":"SearchAction","target":{"@type":"EntryPoint","urlTemplate":"https:\/\/hochiminhcity.equatorial.com\/vi\/?s={search_term_string}"},"query-input":"required name=search_term_string"}],"inLanguage":"vi-VN"}]}},"_links":{"self":[{"href":"https:\/\/hochiminhcity.equatorial.com\/vi\/wp-json\/wp\/v2\/pages\/529"}],"collection":[{"href":"https:\/\/hochiminhcity.equatorial.com\/vi\/wp-json\/wp\/v2\/pages"}],"about":[{"href":"https:\/\/hochiminhcity.equatorial.com\/vi\/wp-json\/wp\/v2\/types\/page"}],"author":[{"embeddable":true,"href":"https:\/\/hochiminhcity.equatorial.com\/vi\/wp-json\/wp\/v2\/users\/14"}],"replies":[{"embeddable":true,"href":"https:\/\/hochiminhcity.equatorial.com\/vi\/wp-json\/wp\/v2\/comments?post=529"}],"version-history":[{"count":0,"href":"https:\/\/hochiminhcity.equatorial.com\/vi\/wp-json\/wp\/v2\/pages\/529\/revisions"}],"wp:attachment":[{"href":"https:\/\/hochiminhcity.equatorial.com\/vi\/wp-json\/wp\/v2\/media?parent=529"}],"curies":[{"name":"wp","href":"https:\/\/api.w.org\/{rel}","templated":true}]}}