{"id":533,"date":"2022-02-21T20:02:42","date_gmt":"2022-02-21T12:02:42","guid":{"rendered":"https:\/\/eqhotel-hcm.ms.decms.asia\/?page_id=533"},"modified":"2025-11-19T13:48:39","modified_gmt":"2025-11-19T06:48:39","slug":"rooms","status":"publish","type":"page","link":"https:\/\/hochiminhcity.equatorial.com\/vi\/rooms\/","title":{"rendered":"Ph\u00f2ng ngh\u1ec9"},"content":{"rendered":"","protected":false},"excerpt":{"rendered":"","protected":false},"author":14,"featured_media":0,"parent":0,"menu_order":0,"comment_status":"closed","ping_status":"closed","template":"tpl-rooms\/tpl-rooms.php","meta":{"footnotes":""},"yoast_head":"<!-- This site is optimized with the Yoast SEO plugin v22.3 - https:\/\/yoast.com\/wordpress\/plugins\/seo\/ -->\n<title>Ph\u00f2ng Kh\u00e1ch S\u1ea1n Sang Tr\u1ecdng &amp; Ph\u00f2ng Suite Kh\u00e1ch S\u1ea1n | Equatorial Ho Chi Minh City<\/title>\n<meta name=\"description\" content=\"Kh\u00e1m ph\u00e1 c\u00e1c h\u1ea1ng ph\u00f2ng cao c\u1ea5p c\u1ee7a ch\u00fang t\u00f4i: R\u1ed9ng r\u00e3i, tho\u1ea3i m\u00e1i v\u00e0 \u0111\u1ea7y \u0111\u1ee7 ti\u1ec7n nghi. To\u00e0n b\u1ed9 ph\u00f2ng \u0111\u1ec1u \u0111\u01b0\u1ee3c trang b\u1ecb \u0111\u1ea7y \u0111\u1ee7 c\u00e1c t\u00ednh n\u0103ng ti\u00eau chu\u1ea9n tuy\u1ec7t v\u1eddi.\" \/>\n<meta name=\"robots\" content=\"index, follow, max-snippet:-1, max-image-preview:large, max-video-preview:-1\" \/>\n<link rel=\"canonical\" href=\"https:\/\/hochiminhcity.equatorial.com\/vi\/rooms\/\" \/>\n<meta property=\"og:locale\" content=\"vi_VN\" \/>\n<meta property=\"og:type\" content=\"article\" \/>\n<meta property=\"og:title\" content=\"Ph\u00f2ng Kh\u00e1ch S\u1ea1n Sang Tr\u1ecdng &amp; Ph\u00f2ng Suite Kh\u00e1ch S\u1ea1n | Equatorial Ho Chi Minh City\" \/>\n<meta property=\"og:description\" content=\"Kh\u00e1m ph\u00e1 c\u00e1c h\u1ea1ng ph\u00f2ng cao c\u1ea5p c\u1ee7a ch\u00fang t\u00f4i: R\u1ed9ng r\u00e3i, tho\u1ea3i m\u00e1i v\u00e0 \u0111\u1ea7y \u0111\u1ee7 ti\u1ec7n nghi. To\u00e0n b\u1ed9 ph\u00f2ng \u0111\u1ec1u \u0111\u01b0\u1ee3c trang b\u1ecb \u0111\u1ea7y \u0111\u1ee7 c\u00e1c t\u00ednh n\u0103ng ti\u00eau chu\u1ea9n tuy\u1ec7t v\u1eddi.\" \/>\n<meta property=\"og:url\" content=\"https:\/\/hochiminhcity.equatorial.com\/vi\/rooms\/\" \/>\n<meta property=\"og:site_name\" content=\"Equatorial Ho Chi Minh City\" \/>\n<meta property=\"article:modified_time\" content=\"2025-11-19T06:48:39+00:00\" \/>\n<meta name=\"twitter:card\" content=\"summary_large_image\" \/>\n<script type=\"application\/ld+json\" class=\"yoast-schema-graph\">{\"@context\":\"https:\/\/schema.org\",\"@graph\":[{\"@type\":\"WebPage\",\"@id\":\"https:\/\/hochiminhcity.equatorial.com\/vi\/rooms\/\",\"url\":\"https:\/\/hochiminhcity.equatorial.com\/vi\/rooms\/\",\"name\":\"Ph\u00f2ng Kh\u00e1ch S\u1ea1n Sang Tr\u1ecdng & Ph\u00f2ng Suite Kh\u00e1ch S\u1ea1n | Equatorial Ho Chi Minh City\",\"isPartOf\":{\"@id\":\"https:\/\/hochiminhcity.equatorial.com\/vi\/#website\"},\"datePublished\":\"2022-02-21T12:02:42+00:00\",\"dateModified\":\"2025-11-19T06:48:39+00:00\",\"description\":\"Kh\u00e1m ph\u00e1 c\u00e1c h\u1ea1ng ph\u00f2ng cao c\u1ea5p c\u1ee7a ch\u00fang t\u00f4i: R\u1ed9ng r\u00e3i, tho\u1ea3i m\u00e1i v\u00e0 \u0111\u1ea7y \u0111\u1ee7 ti\u1ec7n nghi. To\u00e0n b\u1ed9 ph\u00f2ng \u0111\u1ec1u \u0111\u01b0\u1ee3c trang b\u1ecb \u0111\u1ea7y \u0111\u1ee7 c\u00e1c t\u00ednh n\u0103ng ti\u00eau chu\u1ea9n tuy\u1ec7t v\u1eddi.\",\"breadcrumb\":{\"@id\":\"https:\/\/hochiminhcity.equatorial.com\/vi\/rooms\/#breadcrumb\"},\"inLanguage\":\"vi-VN\",\"potentialAction\":[{\"@type\":\"ReadAction\",\"target\":[\"https:\/\/hochiminhcity.equatorial.com\/vi\/rooms\/\"]}]},{\"@type\":\"BreadcrumbList\",\"@id\":\"https:\/\/hochiminhcity.equatorial.com\/vi\/rooms\/#breadcrumb\",\"itemListElement\":[{\"@type\":\"ListItem\",\"position\":1,\"name\":\"Home\",\"item\":\"https:\/\/hochiminhcity.equatorial.com\/vi\/\"},{\"@type\":\"ListItem\",\"position\":2,\"name\":\"Ph\u00f2ng ngh\u1ec9\"}]},{\"@type\":\"WebSite\",\"@id\":\"https:\/\/hochiminhcity.equatorial.com\/vi\/#website\",\"url\":\"https:\/\/hochiminhcity.equatorial.com\/vi\/\",\"name\":\"Equatorial Ho Chi Minh City\",\"description\":\"\",\"potentialAction\":[{\"@type\":\"SearchAction\",\"target\":{\"@type\":\"EntryPoint\",\"urlTemplate\":\"https:\/\/hochiminhcity.equatorial.com\/vi\/?s={search_term_string}\"},\"query-input\":\"required name=search_term_string\"}],\"inLanguage\":\"vi-VN\"}]}<\/script>\n<!-- \/ Yoast SEO plugin. -->","yoast_head_json":{"title":"Ph\u00f2ng Kh\u00e1ch S\u1ea1n Sang Tr\u1ecdng & Ph\u00f2ng Suite Kh\u00e1ch S\u1ea1n | Equatorial Ho Chi Minh City","description":"Kh\u00e1m ph\u00e1 c\u00e1c h\u1ea1ng ph\u00f2ng cao c\u1ea5p c\u1ee7a ch\u00fang t\u00f4i: R\u1ed9ng r\u00e3i, tho\u1ea3i m\u00e1i v\u00e0 \u0111\u1ea7y \u0111\u1ee7 ti\u1ec7n nghi. To\u00e0n b\u1ed9 ph\u00f2ng \u0111\u1ec1u \u0111\u01b0\u1ee3c trang b\u1ecb \u0111\u1ea7y \u0111\u1ee7 c\u00e1c t\u00ednh n\u0103ng ti\u00eau chu\u1ea9n tuy\u1ec7t v\u1eddi.","robots":{"index":"index","follow":"follow","max-snippet":"max-snippet:-1","max-image-preview":"max-image-preview:large","max-video-preview":"max-video-preview:-1"},"canonical":"https:\/\/hochiminhcity.equatorial.com\/vi\/rooms\/","og_locale":"vi_VN","og_type":"article","og_title":"Ph\u00f2ng Kh\u00e1ch S\u1ea1n Sang Tr\u1ecdng & Ph\u00f2ng Suite Kh\u00e1ch S\u1ea1n | Equatorial Ho Chi Minh City","og_description":"Kh\u00e1m ph\u00e1 c\u00e1c h\u1ea1ng ph\u00f2ng cao c\u1ea5p c\u1ee7a ch\u00fang t\u00f4i: R\u1ed9ng r\u00e3i, tho\u1ea3i m\u00e1i v\u00e0 \u0111\u1ea7y \u0111\u1ee7 ti\u1ec7n nghi. To\u00e0n b\u1ed9 ph\u00f2ng \u0111\u1ec1u \u0111\u01b0\u1ee3c trang b\u1ecb \u0111\u1ea7y \u0111\u1ee7 c\u00e1c t\u00ednh n\u0103ng ti\u00eau chu\u1ea9n tuy\u1ec7t v\u1eddi.","og_url":"https:\/\/hochiminhcity.equatorial.com\/vi\/rooms\/","og_site_name":"Equatorial Ho Chi Minh City","article_modified_time":"2025-11-19T06:48:39+00:00","twitter_card":"summary_large_image","schema":{"@context":"https:\/\/schema.org","@graph":[{"@type":"WebPage","@id":"https:\/\/hochiminhcity.equatorial.com\/vi\/rooms\/","url":"https:\/\/hochiminhcity.equatorial.com\/vi\/rooms\/","name":"Ph\u00f2ng Kh\u00e1ch S\u1ea1n Sang Tr\u1ecdng & Ph\u00f2ng Suite Kh\u00e1ch S\u1ea1n | Equatorial Ho Chi Minh City","isPartOf":{"@id":"https:\/\/hochiminhcity.equatorial.com\/vi\/#website"},"datePublished":"2022-02-21T12:02:42+00:00","dateModified":"2025-11-19T06:48:39+00:00","description":"Kh\u00e1m ph\u00e1 c\u00e1c h\u1ea1ng ph\u00f2ng cao c\u1ea5p c\u1ee7a ch\u00fang t\u00f4i: R\u1ed9ng r\u00e3i, tho\u1ea3i m\u00e1i v\u00e0 \u0111\u1ea7y \u0111\u1ee7 ti\u1ec7n nghi. To\u00e0n b\u1ed9 ph\u00f2ng \u0111\u1ec1u \u0111\u01b0\u1ee3c trang b\u1ecb \u0111\u1ea7y \u0111\u1ee7 c\u00e1c t\u00ednh n\u0103ng ti\u00eau chu\u1ea9n tuy\u1ec7t v\u1eddi.","breadcrumb":{"@id":"https:\/\/hochiminhcity.equatorial.com\/vi\/rooms\/#breadcrumb"},"inLanguage":"vi-VN","potentialAction":[{"@type":"ReadAction","target":["https:\/\/hochiminhcity.equatorial.com\/vi\/rooms\/"]}]},{"@type":"BreadcrumbList","@id":"https:\/\/hochiminhcity.equatorial.com\/vi\/rooms\/#breadcrumb","itemListElement":[{"@type":"ListItem","position":1,"name":"Home","item":"https:\/\/hochiminhcity.equatorial.com\/vi\/"},{"@type":"ListItem","position":2,"name":"Ph\u00f2ng ngh\u1ec9"}]},{"@type":"WebSite","@id":"https:\/\/hochiminhcity.equatorial.com\/vi\/#website","url":"https:\/\/hochiminhcity.equatorial.com\/vi\/","name":"Equatorial Ho Chi Minh City","description":"","potentialAction":[{"@type":"SearchAction","target":{"@type":"EntryPoint","urlTemplate":"https:\/\/hochiminhcity.equatorial.com\/vi\/?s={search_term_string}"},"query-input":"required name=search_term_string"}],"inLanguage":"vi-VN"}]}},"_links":{"self":[{"href":"https:\/\/hochiminhcity.equatorial.com\/vi\/wp-json\/wp\/v2\/pages\/533"}],"collection":[{"href":"https:\/\/hochiminhcity.equatorial.com\/vi\/wp-json\/wp\/v2\/pages"}],"about":[{"href":"https:\/\/hochiminhcity.equatorial.com\/vi\/wp-json\/wp\/v2\/types\/page"}],"author":[{"embeddable":true,"href":"https:\/\/hochiminhcity.equatorial.com\/vi\/wp-json\/wp\/v2\/users\/14"}],"replies":[{"embeddable":true,"href":"https:\/\/hochiminhcity.equatorial.com\/vi\/wp-json\/wp\/v2\/comments?post=533"}],"version-history":[{"count":0,"href":"https:\/\/hochiminhcity.equatorial.com\/vi\/wp-json\/wp\/v2\/pages\/533\/revisions"}],"wp:attachment":[{"href":"https:\/\/hochiminhcity.equatorial.com\/vi\/wp-json\/wp\/v2\/media?parent=533"}],"curies":[{"name":"wp","href":"https:\/\/api.w.org\/{rel}","templated":true}]}}