{"id":602,"date":"2022-02-22T15:20:47","date_gmt":"2022-02-22T07:20:47","guid":{"rendered":"https:\/\/eqhotel-hcm.ms.decms.asia\/?page_id=602"},"modified":"2024-10-15T17:22:23","modified_gmt":"2024-10-15T09:22:23","slug":"dining-entertainment","status":"publish","type":"page","link":"https:\/\/hochiminhcity.equatorial.com\/vi\/dining-entertainment\/","title":{"rendered":"\u1ea8m th\u1ef1c &amp; Gi\u1ea3i tr\u00ed"},"content":{"rendered":"","protected":false},"excerpt":{"rendered":"","protected":false},"author":14,"featured_media":0,"parent":0,"menu_order":0,"comment_status":"closed","ping_status":"closed","template":"tpl-dinings\/tpl-dinings.php","meta":{"footnotes":""},"yoast_head":"<!-- This site is optimized with the Yoast SEO plugin v22.3 - https:\/\/yoast.com\/wordpress\/plugins\/seo\/ -->\n<title>\u1ea8m th\u1ef1c Vi\u1ec7t Nam, M\u00f3n ngon &amp; Gi\u1ea3i tr\u00ed S\u00e0i G\u00f2n | Equatorial Th\u00e0nh ph\u1ed1 H\u1ed3 Ch\u00ed Minh<\/title>\n<meta name=\"description\" content=\"Ch\u00fang t\u00f4i n\u1ed7 l\u1ef1c mang \u0111\u1ebfn cho qu\u00fd kh\u00e1ch s\u1ef1 \u0111a d\u1ea1ng v\u1ec1 c\u00e1c m\u00f3n \u0103n ngon nh\u1ea5t v\u00e0 \u0111\u01b0\u1ee3c y\u00eau th\u00edch nh\u1ea5t t\u1ea1i Th\u00e0nh ph\u1ed1 H\u1ed3 Ch\u00ed Minh, c\u00f9ng v\u1edbi c\u00e1c m\u00f3n \u1ea9m th\u1ef1c ph\u01b0\u01a1ng T\u00e2y \u0111\u01b0\u1ee3c y\u00eau th\u00edch tr\u00ean th\u1ebf gi\u1edbi.\" \/>\n<meta name=\"robots\" content=\"index, follow, max-snippet:-1, max-image-preview:large, max-video-preview:-1\" \/>\n<link rel=\"canonical\" href=\"https:\/\/hochiminhcity.equatorial.com\/vi\/dining-entertainment\/\" \/>\n<meta property=\"og:locale\" content=\"vi_VN\" \/>\n<meta property=\"og:type\" content=\"article\" \/>\n<meta property=\"og:title\" content=\"\u1ea8m th\u1ef1c Vi\u1ec7t Nam, M\u00f3n ngon &amp; Gi\u1ea3i tr\u00ed S\u00e0i G\u00f2n | Equatorial Th\u00e0nh ph\u1ed1 H\u1ed3 Ch\u00ed Minh\" \/>\n<meta property=\"og:description\" content=\"Ch\u00fang t\u00f4i n\u1ed7 l\u1ef1c mang \u0111\u1ebfn cho qu\u00fd kh\u00e1ch s\u1ef1 \u0111a d\u1ea1ng v\u1ec1 c\u00e1c m\u00f3n \u0103n ngon nh\u1ea5t v\u00e0 \u0111\u01b0\u1ee3c y\u00eau th\u00edch nh\u1ea5t t\u1ea1i Th\u00e0nh ph\u1ed1 H\u1ed3 Ch\u00ed Minh, c\u00f9ng v\u1edbi c\u00e1c m\u00f3n \u1ea9m th\u1ef1c ph\u01b0\u01a1ng T\u00e2y \u0111\u01b0\u1ee3c y\u00eau th\u00edch tr\u00ean th\u1ebf gi\u1edbi.\" \/>\n<meta property=\"og:url\" content=\"https:\/\/hochiminhcity.equatorial.com\/vi\/dining-entertainment\/\" \/>\n<meta property=\"og:site_name\" content=\"Equatorial Ho Chi Minh City\" \/>\n<meta property=\"article:modified_time\" content=\"2024-10-15T09:22:23+00:00\" \/>\n<meta name=\"twitter:card\" content=\"summary_large_image\" \/>\n<script type=\"application\/ld+json\" class=\"yoast-schema-graph\">{\"@context\":\"https:\/\/schema.org\",\"@graph\":[{\"@type\":\"WebPage\",\"@id\":\"https:\/\/hochiminhcity.equatorial.com\/vi\/dining-entertainment\/\",\"url\":\"https:\/\/hochiminhcity.equatorial.com\/vi\/dining-entertainment\/\",\"name\":\"\u1ea8m th\u1ef1c Vi\u1ec7t Nam, M\u00f3n ngon & Gi\u1ea3i tr\u00ed S\u00e0i G\u00f2n | Equatorial Th\u00e0nh ph\u1ed1 H\u1ed3 Ch\u00ed Minh\",\"isPartOf\":{\"@id\":\"https:\/\/hochiminhcity.equatorial.com\/vi\/#website\"},\"datePublished\":\"2022-02-22T07:20:47+00:00\",\"dateModified\":\"2024-10-15T09:22:23+00:00\",\"description\":\"Ch\u00fang t\u00f4i n\u1ed7 l\u1ef1c mang \u0111\u1ebfn cho qu\u00fd kh\u00e1ch s\u1ef1 \u0111a d\u1ea1ng v\u1ec1 c\u00e1c m\u00f3n \u0103n ngon nh\u1ea5t v\u00e0 \u0111\u01b0\u1ee3c y\u00eau th\u00edch nh\u1ea5t t\u1ea1i Th\u00e0nh ph\u1ed1 H\u1ed3 Ch\u00ed Minh, c\u00f9ng v\u1edbi c\u00e1c m\u00f3n \u1ea9m th\u1ef1c ph\u01b0\u01a1ng T\u00e2y \u0111\u01b0\u1ee3c y\u00eau th\u00edch tr\u00ean th\u1ebf gi\u1edbi.\",\"breadcrumb\":{\"@id\":\"https:\/\/hochiminhcity.equatorial.com\/vi\/dining-entertainment\/#breadcrumb\"},\"inLanguage\":\"vi-VN\",\"potentialAction\":[{\"@type\":\"ReadAction\",\"target\":[\"https:\/\/hochiminhcity.equatorial.com\/vi\/dining-entertainment\/\"]}]},{\"@type\":\"BreadcrumbList\",\"@id\":\"https:\/\/hochiminhcity.equatorial.com\/vi\/dining-entertainment\/#breadcrumb\",\"itemListElement\":[{\"@type\":\"ListItem\",\"position\":1,\"name\":\"Home\",\"item\":\"https:\/\/hochiminhcity.equatorial.com\/vi\/\"},{\"@type\":\"ListItem\",\"position\":2,\"name\":\"\u1ea8m th\u1ef1c &amp; Gi\u1ea3i tr\u00ed\"}]},{\"@type\":\"WebSite\",\"@id\":\"https:\/\/hochiminhcity.equatorial.com\/vi\/#website\",\"url\":\"https:\/\/hochiminhcity.equatorial.com\/vi\/\",\"name\":\"Equatorial Ho Chi Minh City\",\"description\":\"\",\"potentialAction\":[{\"@type\":\"SearchAction\",\"target\":{\"@type\":\"EntryPoint\",\"urlTemplate\":\"https:\/\/hochiminhcity.equatorial.com\/vi\/?s={search_term_string}\"},\"query-input\":\"required name=search_term_string\"}],\"inLanguage\":\"vi-VN\"}]}<\/script>\n<!-- \/ Yoast SEO plugin. -->","yoast_head_json":{"title":"\u1ea8m th\u1ef1c Vi\u1ec7t Nam, M\u00f3n ngon & Gi\u1ea3i tr\u00ed S\u00e0i G\u00f2n | Equatorial Th\u00e0nh ph\u1ed1 H\u1ed3 Ch\u00ed Minh","description":"Ch\u00fang t\u00f4i n\u1ed7 l\u1ef1c mang \u0111\u1ebfn cho qu\u00fd kh\u00e1ch s\u1ef1 \u0111a d\u1ea1ng v\u1ec1 c\u00e1c m\u00f3n \u0103n ngon nh\u1ea5t v\u00e0 \u0111\u01b0\u1ee3c y\u00eau th\u00edch nh\u1ea5t t\u1ea1i Th\u00e0nh ph\u1ed1 H\u1ed3 Ch\u00ed Minh, c\u00f9ng v\u1edbi c\u00e1c m\u00f3n \u1ea9m th\u1ef1c ph\u01b0\u01a1ng T\u00e2y \u0111\u01b0\u1ee3c y\u00eau th\u00edch tr\u00ean th\u1ebf gi\u1edbi.","robots":{"index":"index","follow":"follow","max-snippet":"max-snippet:-1","max-image-preview":"max-image-preview:large","max-video-preview":"max-video-preview:-1"},"canonical":"https:\/\/hochiminhcity.equatorial.com\/vi\/dining-entertainment\/","og_locale":"vi_VN","og_type":"article","og_title":"\u1ea8m th\u1ef1c Vi\u1ec7t Nam, M\u00f3n ngon & Gi\u1ea3i tr\u00ed S\u00e0i G\u00f2n | Equatorial Th\u00e0nh ph\u1ed1 H\u1ed3 Ch\u00ed Minh","og_description":"Ch\u00fang t\u00f4i n\u1ed7 l\u1ef1c mang \u0111\u1ebfn cho qu\u00fd kh\u00e1ch s\u1ef1 \u0111a d\u1ea1ng v\u1ec1 c\u00e1c m\u00f3n \u0103n ngon nh\u1ea5t v\u00e0 \u0111\u01b0\u1ee3c y\u00eau th\u00edch nh\u1ea5t t\u1ea1i Th\u00e0nh ph\u1ed1 H\u1ed3 Ch\u00ed Minh, c\u00f9ng v\u1edbi c\u00e1c m\u00f3n \u1ea9m th\u1ef1c ph\u01b0\u01a1ng T\u00e2y \u0111\u01b0\u1ee3c y\u00eau th\u00edch tr\u00ean th\u1ebf gi\u1edbi.","og_url":"https:\/\/hochiminhcity.equatorial.com\/vi\/dining-entertainment\/","og_site_name":"Equatorial Ho Chi Minh City","article_modified_time":"2024-10-15T09:22:23+00:00","twitter_card":"summary_large_image","schema":{"@context":"https:\/\/schema.org","@graph":[{"@type":"WebPage","@id":"https:\/\/hochiminhcity.equatorial.com\/vi\/dining-entertainment\/","url":"https:\/\/hochiminhcity.equatorial.com\/vi\/dining-entertainment\/","name":"\u1ea8m th\u1ef1c Vi\u1ec7t Nam, M\u00f3n ngon & Gi\u1ea3i tr\u00ed S\u00e0i G\u00f2n | Equatorial Th\u00e0nh ph\u1ed1 H\u1ed3 Ch\u00ed Minh","isPartOf":{"@id":"https:\/\/hochiminhcity.equatorial.com\/vi\/#website"},"datePublished":"2022-02-22T07:20:47+00:00","dateModified":"2024-10-15T09:22:23+00:00","description":"Ch\u00fang t\u00f4i n\u1ed7 l\u1ef1c mang \u0111\u1ebfn cho qu\u00fd kh\u00e1ch s\u1ef1 \u0111a d\u1ea1ng v\u1ec1 c\u00e1c m\u00f3n \u0103n ngon nh\u1ea5t v\u00e0 \u0111\u01b0\u1ee3c y\u00eau th\u00edch nh\u1ea5t t\u1ea1i Th\u00e0nh ph\u1ed1 H\u1ed3 Ch\u00ed Minh, c\u00f9ng v\u1edbi c\u00e1c m\u00f3n \u1ea9m th\u1ef1c ph\u01b0\u01a1ng T\u00e2y \u0111\u01b0\u1ee3c y\u00eau th\u00edch tr\u00ean th\u1ebf gi\u1edbi.","breadcrumb":{"@id":"https:\/\/hochiminhcity.equatorial.com\/vi\/dining-entertainment\/#breadcrumb"},"inLanguage":"vi-VN","potentialAction":[{"@type":"ReadAction","target":["https:\/\/hochiminhcity.equatorial.com\/vi\/dining-entertainment\/"]}]},{"@type":"BreadcrumbList","@id":"https:\/\/hochiminhcity.equatorial.com\/vi\/dining-entertainment\/#breadcrumb","itemListElement":[{"@type":"ListItem","position":1,"name":"Home","item":"https:\/\/hochiminhcity.equatorial.com\/vi\/"},{"@type":"ListItem","position":2,"name":"\u1ea8m th\u1ef1c &amp; Gi\u1ea3i tr\u00ed"}]},{"@type":"WebSite","@id":"https:\/\/hochiminhcity.equatorial.com\/vi\/#website","url":"https:\/\/hochiminhcity.equatorial.com\/vi\/","name":"Equatorial Ho Chi Minh City","description":"","potentialAction":[{"@type":"SearchAction","target":{"@type":"EntryPoint","urlTemplate":"https:\/\/hochiminhcity.equatorial.com\/vi\/?s={search_term_string}"},"query-input":"required name=search_term_string"}],"inLanguage":"vi-VN"}]}},"_links":{"self":[{"href":"https:\/\/hochiminhcity.equatorial.com\/vi\/wp-json\/wp\/v2\/pages\/602"}],"collection":[{"href":"https:\/\/hochiminhcity.equatorial.com\/vi\/wp-json\/wp\/v2\/pages"}],"about":[{"href":"https:\/\/hochiminhcity.equatorial.com\/vi\/wp-json\/wp\/v2\/types\/page"}],"author":[{"embeddable":true,"href":"https:\/\/hochiminhcity.equatorial.com\/vi\/wp-json\/wp\/v2\/users\/14"}],"replies":[{"embeddable":true,"href":"https:\/\/hochiminhcity.equatorial.com\/vi\/wp-json\/wp\/v2\/comments?post=602"}],"version-history":[{"count":0,"href":"https:\/\/hochiminhcity.equatorial.com\/vi\/wp-json\/wp\/v2\/pages\/602\/revisions"}],"wp:attachment":[{"href":"https:\/\/hochiminhcity.equatorial.com\/vi\/wp-json\/wp\/v2\/media?parent=602"}],"curies":[{"name":"wp","href":"https:\/\/api.w.org\/{rel}","templated":true}]}}