{"id":607,"date":"2022-02-22T15:33:37","date_gmt":"2022-02-22T07:33:37","guid":{"rendered":"https:\/\/eqhotel-hcm.ms.decms.asia\/?page_id=607"},"modified":"2024-11-27T08:48:08","modified_gmt":"2024-11-27T01:48:08","slug":"offers","status":"publish","type":"page","link":"https:\/\/hochiminhcity.equatorial.com\/vi\/offers\/","title":{"rendered":"\u01afu \u0111\u00e3i"},"content":{"rendered":"","protected":false},"excerpt":{"rendered":"","protected":false},"author":14,"featured_media":0,"parent":0,"menu_order":0,"comment_status":"closed","ping_status":"closed","template":"tpl-soffers\/tpl-soffers.php","meta":{"footnotes":""},"yoast_head":"<!-- This site is optimized with the Yoast SEO plugin v22.3 - https:\/\/yoast.com\/wordpress\/plugins\/seo\/ -->\n<title>\u01afu \u0110\u00e3i Ph\u00f2ng Kh\u00e1ch S\u1ea1n Vi\u1ec7t Nam &amp; Ch\u01b0\u01a1ng Tr\u00ecnh Khuy\u1ebfn M\u00e3i \u1ea8m Th\u1ef1c | Equatorial Ho Chi Minh City<\/title>\n<meta name=\"description\" content=\"Kh\u00e1m ph\u00e1 nhi\u1ec1u \u01b0u \u0111\u00e3i ph\u00f2ng kh\u00e1ch s\u1ea1n v\u00e0 ch\u01b0\u01a1ng tr\u00ecnh khuy\u1ebfn m\u00e3i \u1ea9m th\u1ef1c t\u1ea1i kh\u00e1ch s\u1ea1n Equatorial Th\u00e0nh ph\u1ed1 H\u1ed3 Ch\u00ed Minh. T\u1eadn h\u01b0\u1edfng k\u1ef3 ngh\u1ec9 sang tr\u1ecdng v\u00e0 gi\u00e1 c\u1ea3 ph\u1ea3i ch\u0103ng.\" \/>\n<meta name=\"robots\" content=\"index, follow, max-snippet:-1, max-image-preview:large, max-video-preview:-1\" \/>\n<link rel=\"canonical\" href=\"https:\/\/hochiminhcity.equatorial.com\/vi\/offers\/\" \/>\n<meta property=\"og:locale\" content=\"vi_VN\" \/>\n<meta property=\"og:type\" content=\"article\" \/>\n<meta property=\"og:title\" content=\"\u01afu \u0110\u00e3i Ph\u00f2ng Kh\u00e1ch S\u1ea1n Vi\u1ec7t Nam &amp; Ch\u01b0\u01a1ng Tr\u00ecnh Khuy\u1ebfn M\u00e3i \u1ea8m Th\u1ef1c | Equatorial Ho Chi Minh City\" \/>\n<meta property=\"og:description\" content=\"Kh\u00e1m ph\u00e1 nhi\u1ec1u \u01b0u \u0111\u00e3i ph\u00f2ng kh\u00e1ch s\u1ea1n v\u00e0 ch\u01b0\u01a1ng tr\u00ecnh khuy\u1ebfn m\u00e3i \u1ea9m th\u1ef1c t\u1ea1i kh\u00e1ch s\u1ea1n Equatorial Th\u00e0nh ph\u1ed1 H\u1ed3 Ch\u00ed Minh. T\u1eadn h\u01b0\u1edfng k\u1ef3 ngh\u1ec9 sang tr\u1ecdng v\u00e0 gi\u00e1 c\u1ea3 ph\u1ea3i ch\u0103ng.\" \/>\n<meta property=\"og:url\" content=\"https:\/\/hochiminhcity.equatorial.com\/vi\/offers\/\" \/>\n<meta property=\"og:site_name\" content=\"Equatorial Ho Chi Minh City\" \/>\n<meta property=\"article:modified_time\" content=\"2024-11-27T01:48:08+00:00\" \/>\n<meta name=\"twitter:card\" content=\"summary_large_image\" \/>\n<script type=\"application\/ld+json\" class=\"yoast-schema-graph\">{\"@context\":\"https:\/\/schema.org\",\"@graph\":[{\"@type\":\"WebPage\",\"@id\":\"https:\/\/hochiminhcity.equatorial.com\/vi\/offers\/\",\"url\":\"https:\/\/hochiminhcity.equatorial.com\/vi\/offers\/\",\"name\":\"\u01afu \u0110\u00e3i Ph\u00f2ng Kh\u00e1ch S\u1ea1n Vi\u1ec7t Nam & Ch\u01b0\u01a1ng Tr\u00ecnh Khuy\u1ebfn M\u00e3i \u1ea8m Th\u1ef1c | Equatorial Ho Chi Minh City\",\"isPartOf\":{\"@id\":\"https:\/\/hochiminhcity.equatorial.com\/vi\/#website\"},\"datePublished\":\"2022-02-22T07:33:37+00:00\",\"dateModified\":\"2024-11-27T01:48:08+00:00\",\"description\":\"Kh\u00e1m ph\u00e1 nhi\u1ec1u \u01b0u \u0111\u00e3i ph\u00f2ng kh\u00e1ch s\u1ea1n v\u00e0 ch\u01b0\u01a1ng tr\u00ecnh khuy\u1ebfn m\u00e3i \u1ea9m th\u1ef1c t\u1ea1i kh\u00e1ch s\u1ea1n Equatorial Th\u00e0nh ph\u1ed1 H\u1ed3 Ch\u00ed Minh. T\u1eadn h\u01b0\u1edfng k\u1ef3 ngh\u1ec9 sang tr\u1ecdng v\u00e0 gi\u00e1 c\u1ea3 ph\u1ea3i ch\u0103ng.\",\"breadcrumb\":{\"@id\":\"https:\/\/hochiminhcity.equatorial.com\/vi\/offers\/#breadcrumb\"},\"inLanguage\":\"vi-VN\",\"potentialAction\":[{\"@type\":\"ReadAction\",\"target\":[\"https:\/\/hochiminhcity.equatorial.com\/vi\/offers\/\"]}]},{\"@type\":\"BreadcrumbList\",\"@id\":\"https:\/\/hochiminhcity.equatorial.com\/vi\/offers\/#breadcrumb\",\"itemListElement\":[{\"@type\":\"ListItem\",\"position\":1,\"name\":\"Home\",\"item\":\"https:\/\/hochiminhcity.equatorial.com\/vi\/\"},{\"@type\":\"ListItem\",\"position\":2,\"name\":\"\u01afu \u0111\u00e3i\"}]},{\"@type\":\"WebSite\",\"@id\":\"https:\/\/hochiminhcity.equatorial.com\/vi\/#website\",\"url\":\"https:\/\/hochiminhcity.equatorial.com\/vi\/\",\"name\":\"Equatorial Ho Chi Minh City\",\"description\":\"\",\"potentialAction\":[{\"@type\":\"SearchAction\",\"target\":{\"@type\":\"EntryPoint\",\"urlTemplate\":\"https:\/\/hochiminhcity.equatorial.com\/vi\/?s={search_term_string}\"},\"query-input\":\"required name=search_term_string\"}],\"inLanguage\":\"vi-VN\"}]}<\/script>\n<!-- \/ Yoast SEO plugin. -->","yoast_head_json":{"title":"\u01afu \u0110\u00e3i Ph\u00f2ng Kh\u00e1ch S\u1ea1n Vi\u1ec7t Nam & Ch\u01b0\u01a1ng Tr\u00ecnh Khuy\u1ebfn M\u00e3i \u1ea8m Th\u1ef1c | Equatorial Ho Chi Minh City","description":"Kh\u00e1m ph\u00e1 nhi\u1ec1u \u01b0u \u0111\u00e3i ph\u00f2ng kh\u00e1ch s\u1ea1n v\u00e0 ch\u01b0\u01a1ng tr\u00ecnh khuy\u1ebfn m\u00e3i \u1ea9m th\u1ef1c t\u1ea1i kh\u00e1ch s\u1ea1n Equatorial Th\u00e0nh ph\u1ed1 H\u1ed3 Ch\u00ed Minh. T\u1eadn h\u01b0\u1edfng k\u1ef3 ngh\u1ec9 sang tr\u1ecdng v\u00e0 gi\u00e1 c\u1ea3 ph\u1ea3i ch\u0103ng.","robots":{"index":"index","follow":"follow","max-snippet":"max-snippet:-1","max-image-preview":"max-image-preview:large","max-video-preview":"max-video-preview:-1"},"canonical":"https:\/\/hochiminhcity.equatorial.com\/vi\/offers\/","og_locale":"vi_VN","og_type":"article","og_title":"\u01afu \u0110\u00e3i Ph\u00f2ng Kh\u00e1ch S\u1ea1n Vi\u1ec7t Nam & Ch\u01b0\u01a1ng Tr\u00ecnh Khuy\u1ebfn M\u00e3i \u1ea8m Th\u1ef1c | Equatorial Ho Chi Minh City","og_description":"Kh\u00e1m ph\u00e1 nhi\u1ec1u \u01b0u \u0111\u00e3i ph\u00f2ng kh\u00e1ch s\u1ea1n v\u00e0 ch\u01b0\u01a1ng tr\u00ecnh khuy\u1ebfn m\u00e3i \u1ea9m th\u1ef1c t\u1ea1i kh\u00e1ch s\u1ea1n Equatorial Th\u00e0nh ph\u1ed1 H\u1ed3 Ch\u00ed Minh. T\u1eadn h\u01b0\u1edfng k\u1ef3 ngh\u1ec9 sang tr\u1ecdng v\u00e0 gi\u00e1 c\u1ea3 ph\u1ea3i ch\u0103ng.","og_url":"https:\/\/hochiminhcity.equatorial.com\/vi\/offers\/","og_site_name":"Equatorial Ho Chi Minh City","article_modified_time":"2024-11-27T01:48:08+00:00","twitter_card":"summary_large_image","schema":{"@context":"https:\/\/schema.org","@graph":[{"@type":"WebPage","@id":"https:\/\/hochiminhcity.equatorial.com\/vi\/offers\/","url":"https:\/\/hochiminhcity.equatorial.com\/vi\/offers\/","name":"\u01afu \u0110\u00e3i Ph\u00f2ng Kh\u00e1ch S\u1ea1n Vi\u1ec7t Nam & Ch\u01b0\u01a1ng Tr\u00ecnh Khuy\u1ebfn M\u00e3i \u1ea8m Th\u1ef1c | Equatorial Ho Chi Minh City","isPartOf":{"@id":"https:\/\/hochiminhcity.equatorial.com\/vi\/#website"},"datePublished":"2022-02-22T07:33:37+00:00","dateModified":"2024-11-27T01:48:08+00:00","description":"Kh\u00e1m ph\u00e1 nhi\u1ec1u \u01b0u \u0111\u00e3i ph\u00f2ng kh\u00e1ch s\u1ea1n v\u00e0 ch\u01b0\u01a1ng tr\u00ecnh khuy\u1ebfn m\u00e3i \u1ea9m th\u1ef1c t\u1ea1i kh\u00e1ch s\u1ea1n Equatorial Th\u00e0nh ph\u1ed1 H\u1ed3 Ch\u00ed Minh. T\u1eadn h\u01b0\u1edfng k\u1ef3 ngh\u1ec9 sang tr\u1ecdng v\u00e0 gi\u00e1 c\u1ea3 ph\u1ea3i ch\u0103ng.","breadcrumb":{"@id":"https:\/\/hochiminhcity.equatorial.com\/vi\/offers\/#breadcrumb"},"inLanguage":"vi-VN","potentialAction":[{"@type":"ReadAction","target":["https:\/\/hochiminhcity.equatorial.com\/vi\/offers\/"]}]},{"@type":"BreadcrumbList","@id":"https:\/\/hochiminhcity.equatorial.com\/vi\/offers\/#breadcrumb","itemListElement":[{"@type":"ListItem","position":1,"name":"Home","item":"https:\/\/hochiminhcity.equatorial.com\/vi\/"},{"@type":"ListItem","position":2,"name":"\u01afu \u0111\u00e3i"}]},{"@type":"WebSite","@id":"https:\/\/hochiminhcity.equatorial.com\/vi\/#website","url":"https:\/\/hochiminhcity.equatorial.com\/vi\/","name":"Equatorial Ho Chi Minh City","description":"","potentialAction":[{"@type":"SearchAction","target":{"@type":"EntryPoint","urlTemplate":"https:\/\/hochiminhcity.equatorial.com\/vi\/?s={search_term_string}"},"query-input":"required name=search_term_string"}],"inLanguage":"vi-VN"}]}},"_links":{"self":[{"href":"https:\/\/hochiminhcity.equatorial.com\/vi\/wp-json\/wp\/v2\/pages\/607"}],"collection":[{"href":"https:\/\/hochiminhcity.equatorial.com\/vi\/wp-json\/wp\/v2\/pages"}],"about":[{"href":"https:\/\/hochiminhcity.equatorial.com\/vi\/wp-json\/wp\/v2\/types\/page"}],"author":[{"embeddable":true,"href":"https:\/\/hochiminhcity.equatorial.com\/vi\/wp-json\/wp\/v2\/users\/14"}],"replies":[{"embeddable":true,"href":"https:\/\/hochiminhcity.equatorial.com\/vi\/wp-json\/wp\/v2\/comments?post=607"}],"version-history":[{"count":0,"href":"https:\/\/hochiminhcity.equatorial.com\/vi\/wp-json\/wp\/v2\/pages\/607\/revisions"}],"wp:attachment":[{"href":"https:\/\/hochiminhcity.equatorial.com\/vi\/wp-json\/wp\/v2\/media?parent=607"}],"curies":[{"name":"wp","href":"https:\/\/api.w.org\/{rel}","templated":true}]}}