{"id":697,"date":"2022-02-24T08:58:39","date_gmt":"2022-02-24T00:58:39","guid":{"rendered":"https:\/\/eqhotel-hcm.ms.decms.asia\/?page_id=697"},"modified":"2025-05-19T16:41:10","modified_gmt":"2025-05-19T09:41:10","slug":"weddings-in-style","status":"publish","type":"page","link":"https:\/\/hochiminhcity.equatorial.com\/vi\/weddings-in-style\/","title":{"rendered":"Phong c\u00e1ch ti\u1ec7c c\u01b0\u1edbi"},"content":{"rendered":"","protected":false},"excerpt":{"rendered":"","protected":false},"author":14,"featured_media":0,"parent":0,"menu_order":0,"comment_status":"closed","ping_status":"closed","template":"tpl-events\/tpl-events.php","meta":{"footnotes":""},"yoast_head":"<!-- This site is optimized with the Yoast SEO plugin v22.3 - https:\/\/yoast.com\/wordpress\/plugins\/seo\/ -->\n<title>\u0110\u1ecba \u0111i\u1ec3m &amp; G\u00f3i ti\u1ec7c c\u01b0\u1edbi t\u1ea1i S\u00e0i G\u00f2n! | Equatorial Ho Chi Minh City<\/title>\n<meta name=\"description\" content=\"\u0110\u1ed9i ng\u0169 chuy\u00ean gia t\u1ed5 ch\u1ee9c ti\u1ec7c c\u01b0\u1edbi chuy\u00ean nghi\u1ec7p c\u1ee7a ch\u00fang t\u00f4i \u0111\u1ea3m b\u1ea3o mang \u0111\u1ebfn cho b\u1ea1n m\u1ed9t \u0111\u00e1m c\u01b0\u1edbi trong m\u01a1 \u2013 phong c\u00e1ch, sang tr\u1ecdng v\u00e0 \u0111\u00e1ng nh\u1edb.\" \/>\n<meta name=\"robots\" content=\"index, follow, max-snippet:-1, max-image-preview:large, max-video-preview:-1\" \/>\n<link rel=\"canonical\" href=\"https:\/\/hochiminhcity.equatorial.com\/vi\/weddings-in-style\/\" \/>\n<meta property=\"og:locale\" content=\"vi_VN\" \/>\n<meta property=\"og:type\" content=\"article\" \/>\n<meta property=\"og:title\" content=\"\u0110\u1ecba \u0111i\u1ec3m &amp; G\u00f3i ti\u1ec7c c\u01b0\u1edbi t\u1ea1i S\u00e0i G\u00f2n! | Equatorial Ho Chi Minh City\" \/>\n<meta property=\"og:description\" content=\"\u0110\u1ed9i ng\u0169 chuy\u00ean gia t\u1ed5 ch\u1ee9c ti\u1ec7c c\u01b0\u1edbi chuy\u00ean nghi\u1ec7p c\u1ee7a ch\u00fang t\u00f4i \u0111\u1ea3m b\u1ea3o mang \u0111\u1ebfn cho b\u1ea1n m\u1ed9t \u0111\u00e1m c\u01b0\u1edbi trong m\u01a1 \u2013 phong c\u00e1ch, sang tr\u1ecdng v\u00e0 \u0111\u00e1ng nh\u1edb.\" \/>\n<meta property=\"og:url\" content=\"https:\/\/hochiminhcity.equatorial.com\/vi\/weddings-in-style\/\" \/>\n<meta property=\"og:site_name\" content=\"Equatorial Ho Chi Minh City\" \/>\n<meta property=\"article:modified_time\" content=\"2025-05-19T09:41:10+00:00\" \/>\n<meta name=\"twitter:card\" content=\"summary_large_image\" \/>\n<script type=\"application\/ld+json\" class=\"yoast-schema-graph\">{\"@context\":\"https:\/\/schema.org\",\"@graph\":[{\"@type\":\"WebPage\",\"@id\":\"https:\/\/hochiminhcity.equatorial.com\/vi\/weddings-in-style\/\",\"url\":\"https:\/\/hochiminhcity.equatorial.com\/vi\/weddings-in-style\/\",\"name\":\"\u0110\u1ecba \u0111i\u1ec3m & G\u00f3i ti\u1ec7c c\u01b0\u1edbi t\u1ea1i S\u00e0i G\u00f2n! | Equatorial Ho Chi Minh City\",\"isPartOf\":{\"@id\":\"https:\/\/hochiminhcity.equatorial.com\/vi\/#website\"},\"datePublished\":\"2022-02-24T00:58:39+00:00\",\"dateModified\":\"2025-05-19T09:41:10+00:00\",\"description\":\"\u0110\u1ed9i ng\u0169 chuy\u00ean gia t\u1ed5 ch\u1ee9c ti\u1ec7c c\u01b0\u1edbi chuy\u00ean nghi\u1ec7p c\u1ee7a ch\u00fang t\u00f4i \u0111\u1ea3m b\u1ea3o mang \u0111\u1ebfn cho b\u1ea1n m\u1ed9t \u0111\u00e1m c\u01b0\u1edbi trong m\u01a1 \u2013 phong c\u00e1ch, sang tr\u1ecdng v\u00e0 \u0111\u00e1ng nh\u1edb.\",\"breadcrumb\":{\"@id\":\"https:\/\/hochiminhcity.equatorial.com\/vi\/weddings-in-style\/#breadcrumb\"},\"inLanguage\":\"vi-VN\",\"potentialAction\":[{\"@type\":\"ReadAction\",\"target\":[\"https:\/\/hochiminhcity.equatorial.com\/vi\/weddings-in-style\/\"]}]},{\"@type\":\"BreadcrumbList\",\"@id\":\"https:\/\/hochiminhcity.equatorial.com\/vi\/weddings-in-style\/#breadcrumb\",\"itemListElement\":[{\"@type\":\"ListItem\",\"position\":1,\"name\":\"Home\",\"item\":\"https:\/\/hochiminhcity.equatorial.com\/vi\/\"},{\"@type\":\"ListItem\",\"position\":2,\"name\":\"Phong c\u00e1ch ti\u1ec7c c\u01b0\u1edbi\"}]},{\"@type\":\"WebSite\",\"@id\":\"https:\/\/hochiminhcity.equatorial.com\/vi\/#website\",\"url\":\"https:\/\/hochiminhcity.equatorial.com\/vi\/\",\"name\":\"Equatorial Ho Chi Minh City\",\"description\":\"\",\"potentialAction\":[{\"@type\":\"SearchAction\",\"target\":{\"@type\":\"EntryPoint\",\"urlTemplate\":\"https:\/\/hochiminhcity.equatorial.com\/vi\/?s={search_term_string}\"},\"query-input\":\"required name=search_term_string\"}],\"inLanguage\":\"vi-VN\"}]}<\/script>\n<!-- \/ Yoast SEO plugin. -->","yoast_head_json":{"title":"\u0110\u1ecba \u0111i\u1ec3m & G\u00f3i ti\u1ec7c c\u01b0\u1edbi t\u1ea1i S\u00e0i G\u00f2n! | Equatorial Ho Chi Minh City","description":"\u0110\u1ed9i ng\u0169 chuy\u00ean gia t\u1ed5 ch\u1ee9c ti\u1ec7c c\u01b0\u1edbi chuy\u00ean nghi\u1ec7p c\u1ee7a ch\u00fang t\u00f4i \u0111\u1ea3m b\u1ea3o mang \u0111\u1ebfn cho b\u1ea1n m\u1ed9t \u0111\u00e1m c\u01b0\u1edbi trong m\u01a1 \u2013 phong c\u00e1ch, sang tr\u1ecdng v\u00e0 \u0111\u00e1ng nh\u1edb.","robots":{"index":"index","follow":"follow","max-snippet":"max-snippet:-1","max-image-preview":"max-image-preview:large","max-video-preview":"max-video-preview:-1"},"canonical":"https:\/\/hochiminhcity.equatorial.com\/vi\/weddings-in-style\/","og_locale":"vi_VN","og_type":"article","og_title":"\u0110\u1ecba \u0111i\u1ec3m & G\u00f3i ti\u1ec7c c\u01b0\u1edbi t\u1ea1i S\u00e0i G\u00f2n! | Equatorial Ho Chi Minh City","og_description":"\u0110\u1ed9i ng\u0169 chuy\u00ean gia t\u1ed5 ch\u1ee9c ti\u1ec7c c\u01b0\u1edbi chuy\u00ean nghi\u1ec7p c\u1ee7a ch\u00fang t\u00f4i \u0111\u1ea3m b\u1ea3o mang \u0111\u1ebfn cho b\u1ea1n m\u1ed9t \u0111\u00e1m c\u01b0\u1edbi trong m\u01a1 \u2013 phong c\u00e1ch, sang tr\u1ecdng v\u00e0 \u0111\u00e1ng nh\u1edb.","og_url":"https:\/\/hochiminhcity.equatorial.com\/vi\/weddings-in-style\/","og_site_name":"Equatorial Ho Chi Minh City","article_modified_time":"2025-05-19T09:41:10+00:00","twitter_card":"summary_large_image","schema":{"@context":"https:\/\/schema.org","@graph":[{"@type":"WebPage","@id":"https:\/\/hochiminhcity.equatorial.com\/vi\/weddings-in-style\/","url":"https:\/\/hochiminhcity.equatorial.com\/vi\/weddings-in-style\/","name":"\u0110\u1ecba \u0111i\u1ec3m & G\u00f3i ti\u1ec7c c\u01b0\u1edbi t\u1ea1i S\u00e0i G\u00f2n! | Equatorial Ho Chi Minh City","isPartOf":{"@id":"https:\/\/hochiminhcity.equatorial.com\/vi\/#website"},"datePublished":"2022-02-24T00:58:39+00:00","dateModified":"2025-05-19T09:41:10+00:00","description":"\u0110\u1ed9i ng\u0169 chuy\u00ean gia t\u1ed5 ch\u1ee9c ti\u1ec7c c\u01b0\u1edbi chuy\u00ean nghi\u1ec7p c\u1ee7a ch\u00fang t\u00f4i \u0111\u1ea3m b\u1ea3o mang \u0111\u1ebfn cho b\u1ea1n m\u1ed9t \u0111\u00e1m c\u01b0\u1edbi trong m\u01a1 \u2013 phong c\u00e1ch, sang tr\u1ecdng v\u00e0 \u0111\u00e1ng nh\u1edb.","breadcrumb":{"@id":"https:\/\/hochiminhcity.equatorial.com\/vi\/weddings-in-style\/#breadcrumb"},"inLanguage":"vi-VN","potentialAction":[{"@type":"ReadAction","target":["https:\/\/hochiminhcity.equatorial.com\/vi\/weddings-in-style\/"]}]},{"@type":"BreadcrumbList","@id":"https:\/\/hochiminhcity.equatorial.com\/vi\/weddings-in-style\/#breadcrumb","itemListElement":[{"@type":"ListItem","position":1,"name":"Home","item":"https:\/\/hochiminhcity.equatorial.com\/vi\/"},{"@type":"ListItem","position":2,"name":"Phong c\u00e1ch ti\u1ec7c c\u01b0\u1edbi"}]},{"@type":"WebSite","@id":"https:\/\/hochiminhcity.equatorial.com\/vi\/#website","url":"https:\/\/hochiminhcity.equatorial.com\/vi\/","name":"Equatorial Ho Chi Minh City","description":"","potentialAction":[{"@type":"SearchAction","target":{"@type":"EntryPoint","urlTemplate":"https:\/\/hochiminhcity.equatorial.com\/vi\/?s={search_term_string}"},"query-input":"required name=search_term_string"}],"inLanguage":"vi-VN"}]}},"_links":{"self":[{"href":"https:\/\/hochiminhcity.equatorial.com\/vi\/wp-json\/wp\/v2\/pages\/697"}],"collection":[{"href":"https:\/\/hochiminhcity.equatorial.com\/vi\/wp-json\/wp\/v2\/pages"}],"about":[{"href":"https:\/\/hochiminhcity.equatorial.com\/vi\/wp-json\/wp\/v2\/types\/page"}],"author":[{"embeddable":true,"href":"https:\/\/hochiminhcity.equatorial.com\/vi\/wp-json\/wp\/v2\/users\/14"}],"replies":[{"embeddable":true,"href":"https:\/\/hochiminhcity.equatorial.com\/vi\/wp-json\/wp\/v2\/comments?post=697"}],"version-history":[{"count":0,"href":"https:\/\/hochiminhcity.equatorial.com\/vi\/wp-json\/wp\/v2\/pages\/697\/revisions"}],"wp:attachment":[{"href":"https:\/\/hochiminhcity.equatorial.com\/vi\/wp-json\/wp\/v2\/media?parent=697"}],"curies":[{"name":"wp","href":"https:\/\/api.w.org\/{rel}","templated":true}]}}