{"id":703,"date":"2022-02-24T10:22:49","date_gmt":"2022-02-24T02:22:49","guid":{"rendered":"https:\/\/eqhotel-hcm.ms.decms.asia\/?page_id=703"},"modified":"2022-02-24T10:35:39","modified_gmt":"2022-02-24T02:35:39","slug":"request-for-proposal","status":"publish","type":"page","link":"https:\/\/hochiminhcity.equatorial.com\/vi\/request-for-proposal\/","title":{"rendered":"Y\u00eau c\u1ea7u b\u00e1o gi\u00e1"},"content":{"rendered":"","protected":false},"excerpt":{"rendered":"","protected":false},"author":14,"featured_media":0,"parent":0,"menu_order":0,"comment_status":"closed","ping_status":"closed","template":"","meta":{"footnotes":""},"yoast_head":"<!-- This site is optimized with the Yoast SEO plugin v22.3 - https:\/\/yoast.com\/wordpress\/plugins\/seo\/ -->\n<title>Y\u00eau c\u1ea7u b\u00e1o gi\u00e1 - Equatorial Ho Chi Minh City<\/title>\n<meta name=\"description\" content=\"Vui l\u00f2ng \u0111i\u1ec1n v\u00e0o m\u1eabu d\u01b0\u1edbi \u0111\u00e2y v\u1edbi c\u00e0ng nhi\u1ec1u chi ti\u1ebft c\u00e0ng t\u1ed1t v\u1ec1 c\u00e1c cu\u1ed9c h\u1ecdp, b\u1eefa ti\u1ec7c, ho\u1eb7c y\u00eau c\u1ea7u \u0111\u00e1m c\u01b0\u1edbi c\u1ee7a b\u1ea1n.\" \/>\n<meta name=\"robots\" content=\"index, follow, max-snippet:-1, max-image-preview:large, max-video-preview:-1\" \/>\n<link rel=\"canonical\" href=\"https:\/\/hochiminhcity.equatorial.com\/vi\/request-for-proposal\/\" \/>\n<meta property=\"og:locale\" content=\"vi_VN\" \/>\n<meta property=\"og:type\" content=\"article\" \/>\n<meta property=\"og:title\" content=\"Y\u00eau c\u1ea7u b\u00e1o gi\u00e1 - Equatorial Ho Chi Minh City\" \/>\n<meta property=\"og:url\" content=\"https:\/\/hochiminhcity.equatorial.com\/vi\/request-for-proposal\/\" \/>\n<meta property=\"og:site_name\" content=\"Equatorial Ho Chi Minh City\" \/>\n<meta property=\"article:modified_time\" content=\"2022-02-24T02:35:39+00:00\" \/>\n<meta name=\"twitter:card\" content=\"summary_large_image\" \/>\n<script type=\"application\/ld+json\" class=\"yoast-schema-graph\">{\"@context\":\"https:\/\/schema.org\",\"@graph\":[{\"@type\":\"WebPage\",\"@id\":\"https:\/\/hochiminhcity.equatorial.com\/vi\/request-for-proposal\/\",\"url\":\"https:\/\/hochiminhcity.equatorial.com\/vi\/request-for-proposal\/\",\"name\":\"Y\u00eau c\u1ea7u b\u00e1o gi\u00e1 - Equatorial Ho Chi Minh City\",\"isPartOf\":{\"@id\":\"https:\/\/hochiminhcity.equatorial.com\/vi\/#website\"},\"datePublished\":\"2022-02-24T02:22:49+00:00\",\"dateModified\":\"2022-02-24T02:35:39+00:00\",\"breadcrumb\":{\"@id\":\"https:\/\/hochiminhcity.equatorial.com\/vi\/request-for-proposal\/#breadcrumb\"},\"inLanguage\":\"vi-VN\",\"potentialAction\":[{\"@type\":\"ReadAction\",\"target\":[\"https:\/\/hochiminhcity.equatorial.com\/vi\/request-for-proposal\/\"]}]},{\"@type\":\"BreadcrumbList\",\"@id\":\"https:\/\/hochiminhcity.equatorial.com\/vi\/request-for-proposal\/#breadcrumb\",\"itemListElement\":[{\"@type\":\"ListItem\",\"position\":1,\"name\":\"Home\",\"item\":\"https:\/\/hochiminhcity.equatorial.com\/vi\/\"},{\"@type\":\"ListItem\",\"position\":2,\"name\":\"Y\u00eau c\u1ea7u b\u00e1o gi\u00e1\"}]},{\"@type\":\"WebSite\",\"@id\":\"https:\/\/hochiminhcity.equatorial.com\/vi\/#website\",\"url\":\"https:\/\/hochiminhcity.equatorial.com\/vi\/\",\"name\":\"Equatorial Ho Chi Minh City\",\"description\":\"\",\"potentialAction\":[{\"@type\":\"SearchAction\",\"target\":{\"@type\":\"EntryPoint\",\"urlTemplate\":\"https:\/\/hochiminhcity.equatorial.com\/vi\/?s={search_term_string}\"},\"query-input\":\"required name=search_term_string\"}],\"inLanguage\":\"vi-VN\"}]}<\/script>\n<!-- \/ Yoast SEO plugin. -->","yoast_head_json":{"title":"Y\u00eau c\u1ea7u b\u00e1o gi\u00e1 - Equatorial Ho Chi Minh City","description":"Vui l\u00f2ng \u0111i\u1ec1n v\u00e0o m\u1eabu d\u01b0\u1edbi \u0111\u00e2y v\u1edbi c\u00e0ng nhi\u1ec1u chi ti\u1ebft c\u00e0ng t\u1ed1t v\u1ec1 c\u00e1c cu\u1ed9c h\u1ecdp, b\u1eefa ti\u1ec7c, ho\u1eb7c y\u00eau c\u1ea7u \u0111\u00e1m c\u01b0\u1edbi c\u1ee7a b\u1ea1n.","robots":{"index":"index","follow":"follow","max-snippet":"max-snippet:-1","max-image-preview":"max-image-preview:large","max-video-preview":"max-video-preview:-1"},"canonical":"https:\/\/hochiminhcity.equatorial.com\/vi\/request-for-proposal\/","og_locale":"vi_VN","og_type":"article","og_title":"Y\u00eau c\u1ea7u b\u00e1o gi\u00e1 - Equatorial Ho Chi Minh City","og_url":"https:\/\/hochiminhcity.equatorial.com\/vi\/request-for-proposal\/","og_site_name":"Equatorial Ho Chi Minh City","article_modified_time":"2022-02-24T02:35:39+00:00","twitter_card":"summary_large_image","schema":{"@context":"https:\/\/schema.org","@graph":[{"@type":"WebPage","@id":"https:\/\/hochiminhcity.equatorial.com\/vi\/request-for-proposal\/","url":"https:\/\/hochiminhcity.equatorial.com\/vi\/request-for-proposal\/","name":"Y\u00eau c\u1ea7u b\u00e1o gi\u00e1 - Equatorial Ho Chi Minh City","isPartOf":{"@id":"https:\/\/hochiminhcity.equatorial.com\/vi\/#website"},"datePublished":"2022-02-24T02:22:49+00:00","dateModified":"2022-02-24T02:35:39+00:00","breadcrumb":{"@id":"https:\/\/hochiminhcity.equatorial.com\/vi\/request-for-proposal\/#breadcrumb"},"inLanguage":"vi-VN","potentialAction":[{"@type":"ReadAction","target":["https:\/\/hochiminhcity.equatorial.com\/vi\/request-for-proposal\/"]}]},{"@type":"BreadcrumbList","@id":"https:\/\/hochiminhcity.equatorial.com\/vi\/request-for-proposal\/#breadcrumb","itemListElement":[{"@type":"ListItem","position":1,"name":"Home","item":"https:\/\/hochiminhcity.equatorial.com\/vi\/"},{"@type":"ListItem","position":2,"name":"Y\u00eau c\u1ea7u b\u00e1o gi\u00e1"}]},{"@type":"WebSite","@id":"https:\/\/hochiminhcity.equatorial.com\/vi\/#website","url":"https:\/\/hochiminhcity.equatorial.com\/vi\/","name":"Equatorial Ho Chi Minh City","description":"","potentialAction":[{"@type":"SearchAction","target":{"@type":"EntryPoint","urlTemplate":"https:\/\/hochiminhcity.equatorial.com\/vi\/?s={search_term_string}"},"query-input":"required name=search_term_string"}],"inLanguage":"vi-VN"}]}},"_links":{"self":[{"href":"https:\/\/hochiminhcity.equatorial.com\/vi\/wp-json\/wp\/v2\/pages\/703"}],"collection":[{"href":"https:\/\/hochiminhcity.equatorial.com\/vi\/wp-json\/wp\/v2\/pages"}],"about":[{"href":"https:\/\/hochiminhcity.equatorial.com\/vi\/wp-json\/wp\/v2\/types\/page"}],"author":[{"embeddable":true,"href":"https:\/\/hochiminhcity.equatorial.com\/vi\/wp-json\/wp\/v2\/users\/14"}],"replies":[{"embeddable":true,"href":"https:\/\/hochiminhcity.equatorial.com\/vi\/wp-json\/wp\/v2\/comments?post=703"}],"version-history":[{"count":0,"href":"https:\/\/hochiminhcity.equatorial.com\/vi\/wp-json\/wp\/v2\/pages\/703\/revisions"}],"wp:attachment":[{"href":"https:\/\/hochiminhcity.equatorial.com\/vi\/wp-json\/wp\/v2\/media?parent=703"}],"curies":[{"name":"wp","href":"https:\/\/api.w.org\/{rel}","templated":true}]}}